{"id":1086,"date":"2022-01-26T12:29:04","date_gmt":"2022-01-26T12:29:04","guid":{"rendered":"http:\/\/jolan.com.pl\/strona\/?page_id=1086"},"modified":"2022-02-07T09:42:36","modified_gmt":"2022-02-07T09:42:36","slug":"odziez-robocza","status":"publish","type":"page","link":"https:\/\/jolan.com.pl\/index.php\/odziez-robocza\/","title":{"rendered":"Odzie\u017c robocza"},"content":{"rendered":"\t\t<div data-elementor-type=\"wp-page\" data-elementor-id=\"1086\" class=\"elementor elementor-1086\" data-elementor-settings=\"[]\">\n\t\t\t\t\t\t\t<div class=\"elementor-section-wrap\">\n\t\t\t\t\t\t\t<section class=\"elementor-section elementor-top-section elementor-element elementor-element-2f59ed2 elementor-section-boxed elementor-section-height-default elementor-section-height-default\" data-id=\"2f59ed2\" data-element_type=\"section\">\n\t\t\t\t\t\t<div class=\"elementor-container elementor-column-gap-default\">\n\t\t\t\t\t<div class=\"elementor-column elementor-col-50 elementor-top-column elementor-element elementor-element-92c7838\" data-id=\"92c7838\" data-element_type=\"column\">\n\t\t\t<div class=\"elementor-widget-wrap elementor-element-populated\">\n\t\t\t\t\t\t\t\t<div class=\"elementor-element elementor-element-670a0cd elementor-widget elementor-widget-heading\" data-id=\"670a0cd\" data-element_type=\"widget\" data-widget_type=\"heading.default\">\n\t\t\t\t<div class=\"elementor-widget-container\">\n\t\t\t<style>\/*! elementor - v3.5.4 - 23-01-2022 *\/\n.elementor-heading-title{padding:0;margin:0;line-height:1}.elementor-widget-heading .elementor-heading-title[class*=elementor-size-]>a{color:inherit;font-size:inherit;line-height:inherit}.elementor-widget-heading .elementor-heading-title.elementor-size-small{font-size:15px}.elementor-widget-heading .elementor-heading-title.elementor-size-medium{font-size:19px}.elementor-widget-heading .elementor-heading-title.elementor-size-large{font-size:29px}.elementor-widget-heading .elementor-heading-title.elementor-size-xl{font-size:39px}.elementor-widget-heading .elementor-heading-title.elementor-size-xxl{font-size:59px}<\/style><h2 class=\"elementor-heading-title elementor-size-default\">Odzie\u017c robocza<\/h2>\t\t<\/div>\n\t\t\t\t<\/div>\n\t\t\t\t<div class=\"elementor-element elementor-element-8cc1dee elementor-widget elementor-widget-text-editor\" data-id=\"8cc1dee\" data-element_type=\"widget\" data-widget_type=\"text-editor.default\">\n\t\t\t\t<div class=\"elementor-widget-container\">\n\t\t\t<style>\/*! elementor - v3.5.4 - 23-01-2022 *\/\n.elementor-widget-text-editor.elementor-drop-cap-view-stacked .elementor-drop-cap{background-color:#818a91;color:#fff}.elementor-widget-text-editor.elementor-drop-cap-view-framed .elementor-drop-cap{color:#818a91;border:3px solid;background-color:transparent}.elementor-widget-text-editor:not(.elementor-drop-cap-view-default) .elementor-drop-cap{margin-top:8px}.elementor-widget-text-editor:not(.elementor-drop-cap-view-default) .elementor-drop-cap-letter{width:1em;height:1em}.elementor-widget-text-editor .elementor-drop-cap{float:left;text-align:center;line-height:1;font-size:50px}.elementor-widget-text-editor .elementor-drop-cap-letter{display:inline-block}<\/style>\t\t\t\t<p>Przyk\u0142ad zastosowania ko\u0142nierzyka polo w odzie\u017cy roboczej.<\/p>\t\t\t\t\t\t<\/div>\n\t\t\t\t<\/div>\n\t\t\t\t\t<\/div>\n\t\t<\/div>\n\t\t\t\t<div class=\"elementor-column elementor-col-50 elementor-top-column elementor-element elementor-element-5d30fbc\" data-id=\"5d30fbc\" data-element_type=\"column\">\n\t\t\t<div class=\"elementor-widget-wrap elementor-element-populated\">\n\t\t\t\t\t\t\t\t<div class=\"elementor-element elementor-element-e3bc74d elementor-widget elementor-widget-image\" data-id=\"e3bc74d\" data-element_type=\"widget\" data-widget_type=\"image.default\">\n\t\t\t\t<div class=\"elementor-widget-container\">\n\t\t\t<style>\/*! elementor - v3.5.4 - 23-01-2022 *\/\n.elementor-widget-image{text-align:center}.elementor-widget-image a{display:inline-block}.elementor-widget-image a img[src$=\".svg\"]{width:48px}.elementor-widget-image img{vertical-align:middle;display:inline-block}<\/style>\t\t\t\t\t\t\t\t\t\t\t\t\t<a href=\"http:\/\/jolan.com.pl\/strona\/wp-content\/uploads\/2022\/01\/455F887B-21FF-47F0-B0DD-CE9340E156C5.jpeg\" data-elementor-open-lightbox=\"yes\" data-elementor-lightbox-title=\"1\">\n\t\t\t\t\t\t\t<img width=\"1472\" height=\"1472\" src=\"https:\/\/jolan.com.pl\/wp-content\/uploads\/2022\/01\/455F887B-21FF-47F0-B0DD-CE9340E156C5.jpeg\" class=\"attachment-full size-full\" alt=\"\" loading=\"lazy\" srcset=\"https:\/\/jolan.com.pl\/wp-content\/uploads\/2022\/01\/455F887B-21FF-47F0-B0DD-CE9340E156C5.jpeg 1472w, https:\/\/jolan.com.pl\/wp-content\/uploads\/2022\/01\/455F887B-21FF-47F0-B0DD-CE9340E156C5-300x300.jpeg 300w, https:\/\/jolan.com.pl\/wp-content\/uploads\/2022\/01\/455F887B-21FF-47F0-B0DD-CE9340E156C5-1024x1024.jpeg 1024w, https:\/\/jolan.com.pl\/wp-content\/uploads\/2022\/01\/455F887B-21FF-47F0-B0DD-CE9340E156C5-150x150.jpeg 150w, https:\/\/jolan.com.pl\/wp-content\/uploads\/2022\/01\/455F887B-21FF-47F0-B0DD-CE9340E156C5-768x768.jpeg 768w\" sizes=\"(max-width: 1472px) 100vw, 1472px\" \/>\t\t\t\t\t\t\t\t<\/a>\n\t\t\t\t\t\t\t\t\t\t\t\t\t\t\t<\/div>\n\t\t\t\t<\/div>\n\t\t\t\t\t<\/div>\n\t\t<\/div>\n\t\t\t\t\t\t\t<\/div>\n\t\t<\/section>\n\t\t\t\t<section class=\"elementor-section elementor-top-section elementor-element elementor-element-84f97f4 elementor-section-boxed elementor-section-height-default elementor-section-height-default\" data-id=\"84f97f4\" data-element_type=\"section\">\n\t\t\t\t\t\t<div class=\"elementor-container elementor-column-gap-default\">\n\t\t\t\t\t<div class=\"elementor-column elementor-col-100 elementor-top-column elementor-element elementor-element-18288c1\" data-id=\"18288c1\" data-element_type=\"column\">\n\t\t\t<div class=\"elementor-widget-wrap\">\n\t\t\t\t\t\t\t\t\t<\/div>\n\t\t<\/div>\n\t\t\t\t\t\t\t<\/div>\n\t\t<\/section>\n\t\t\t\t\t\t<\/div>\n\t\t\t\t\t<\/div>\n\t\t","protected":false},"excerpt":{"rendered":"<p>Odzie\u017c robocza Przyk\u0142ad zastosowania ko\u0142nierzyka polo w odzie\u017cy roboczej.<\/p>\n","protected":false},"author":1,"featured_media":0,"parent":0,"menu_order":0,"comment_status":"closed","ping_status":"closed","template":"elementor_header_footer","meta":[],"_links":{"self":[{"href":"https:\/\/jolan.com.pl\/index.php\/wp-json\/wp\/v2\/pages\/1086"}],"collection":[{"href":"https:\/\/jolan.com.pl\/index.php\/wp-json\/wp\/v2\/pages"}],"about":[{"href":"https:\/\/jolan.com.pl\/index.php\/wp-json\/wp\/v2\/types\/page"}],"author":[{"embeddable":true,"href":"https:\/\/jolan.com.pl\/index.php\/wp-json\/wp\/v2\/users\/1"}],"replies":[{"embeddable":true,"href":"https:\/\/jolan.com.pl\/index.php\/wp-json\/wp\/v2\/comments?post=1086"}],"version-history":[{"count":13,"href":"https:\/\/jolan.com.pl\/index.php\/wp-json\/wp\/v2\/pages\/1086\/revisions"}],"predecessor-version":[{"id":1479,"href":"https:\/\/jolan.com.pl\/index.php\/wp-json\/wp\/v2\/pages\/1086\/revisions\/1479"}],"wp:attachment":[{"href":"https:\/\/jolan.com.pl\/index.php\/wp-json\/wp\/v2\/media?parent=1086"}],"curies":[{"name":"wp","href":"https:\/\/api.w.org\/{rel}","templated":true}]}}