{"id":1084,"date":"2022-01-26T12:28:44","date_gmt":"2022-01-26T12:28:44","guid":{"rendered":"http:\/\/jolan.com.pl\/strona\/?page_id=1084"},"modified":"2022-02-02T14:08:18","modified_gmt":"2022-02-02T14:08:18","slug":"wzor-zamowienia","status":"publish","type":"page","link":"https:\/\/jolan.com.pl\/index.php\/wzor-zamowienia\/","title":{"rendered":"Wz\u00f3r zam\u00f3wienia"},"content":{"rendered":"\t\t<div data-elementor-type=\"wp-page\" data-elementor-id=\"1084\" class=\"elementor elementor-1084\" data-elementor-settings=\"[]\">\n\t\t\t\t\t\t\t<div class=\"elementor-section-wrap\">\n\t\t\t\t\t\t\t<section class=\"elementor-section elementor-top-section elementor-element elementor-element-64251a7 elementor-section-boxed elementor-section-height-default elementor-section-height-default\" data-id=\"64251a7\" data-element_type=\"section\">\n\t\t\t\t\t\t<div class=\"elementor-container elementor-column-gap-default\">\n\t\t\t\t\t<div class=\"elementor-column elementor-col-100 elementor-top-column elementor-element elementor-element-f5c94b3\" data-id=\"f5c94b3\" data-element_type=\"column\">\n\t\t\t<div class=\"elementor-widget-wrap elementor-element-populated\">\n\t\t\t\t\t\t\t\t<div class=\"elementor-element elementor-element-09d427b elementor-widget elementor-widget-heading\" data-id=\"09d427b\" data-element_type=\"widget\" data-widget_type=\"heading.default\">\n\t\t\t\t<div class=\"elementor-widget-container\">\n\t\t\t<style>\/*! elementor - v3.5.4 - 23-01-2022 *\/\n.elementor-heading-title{padding:0;margin:0;line-height:1}.elementor-widget-heading .elementor-heading-title[class*=elementor-size-]>a{color:inherit;font-size:inherit;line-height:inherit}.elementor-widget-heading .elementor-heading-title.elementor-size-small{font-size:15px}.elementor-widget-heading .elementor-heading-title.elementor-size-medium{font-size:19px}.elementor-widget-heading .elementor-heading-title.elementor-size-large{font-size:29px}.elementor-widget-heading .elementor-heading-title.elementor-size-xl{font-size:39px}.elementor-widget-heading .elementor-heading-title.elementor-size-xxl{font-size:59px}<\/style><h2 class=\"elementor-heading-title elementor-size-default\">Wz\u00f3r zam\u00f3wienia<\/h2>\t\t<\/div>\n\t\t\t\t<\/div>\n\t\t\t\t\t<\/div>\n\t\t<\/div>\n\t\t\t\t\t\t\t<\/div>\n\t\t<\/section>\n\t\t\t\t<section class=\"elementor-section elementor-top-section elementor-element elementor-element-379a691 elementor-section-boxed elementor-section-height-default elementor-section-height-default\" data-id=\"379a691\" data-element_type=\"section\">\n\t\t\t\t\t\t<div class=\"elementor-container elementor-column-gap-default\">\n\t\t\t\t\t<div class=\"elementor-column elementor-col-100 elementor-top-column elementor-element elementor-element-e2e89c9\" data-id=\"e2e89c9\" data-element_type=\"column\">\n\t\t\t<div class=\"elementor-widget-wrap elementor-element-populated\">\n\t\t\t\t\t\t\t\t<div class=\"elementor-element elementor-element-22dbff1 elementor-widget elementor-widget-text-editor\" data-id=\"22dbff1\" data-element_type=\"widget\" data-widget_type=\"text-editor.default\">\n\t\t\t\t<div class=\"elementor-widget-container\">\n\t\t\t<style>\/*! elementor - v3.5.4 - 23-01-2022 *\/\n.elementor-widget-text-editor.elementor-drop-cap-view-stacked .elementor-drop-cap{background-color:#818a91;color:#fff}.elementor-widget-text-editor.elementor-drop-cap-view-framed .elementor-drop-cap{color:#818a91;border:3px solid;background-color:transparent}.elementor-widget-text-editor:not(.elementor-drop-cap-view-default) .elementor-drop-cap{margin-top:8px}.elementor-widget-text-editor:not(.elementor-drop-cap-view-default) .elementor-drop-cap-letter{width:1em;height:1em}.elementor-widget-text-editor .elementor-drop-cap{float:left;text-align:center;line-height:1;font-size:50px}.elementor-widget-text-editor .elementor-drop-cap-letter{display:inline-block}<\/style>\t\t\t\t<p>Plisy i pasy zamawiane s\u0105 wed\u0142ug raportu, kt\u00f3ry nale\u017cy okre\u015bli\u0107 w podobny spos\u00f3b jak na rysunku poni\u017cej, z opisaniem kolor\u00f3w.\u00a0<br \/>Zam\u00f3wienia przyjmujemy dla metra\u017cu w kg, a dla pas\u00f3w i plis w ilo\u015bci sztuk.<\/p><p>Pasy i plisy maj\u0105 szeroko\u015b\u0107 od 0,9 do 1,5 m w zale\u017cno\u015bci od tego jakiej s\u0105 grubo\u015bci i z jakiej maszyny p\u0142askiej s\u0105 robione. Pasy mog\u0105 by\u0107 zamawiane w metra\u017cu (do rozci\u0119cia z belki) lub w sztukach poprutych.<\/p>\t\t\t\t\t\t<\/div>\n\t\t\t\t<\/div>\n\t\t\t\t\t<\/div>\n\t\t<\/div>\n\t\t\t\t\t\t\t<\/div>\n\t\t<\/section>\n\t\t\t\t<section class=\"elementor-section elementor-top-section elementor-element elementor-element-d936700 elementor-section-boxed elementor-section-height-default elementor-section-height-default\" data-id=\"d936700\" data-element_type=\"section\">\n\t\t\t\t\t\t<div class=\"elementor-container elementor-column-gap-default\">\n\t\t\t\t\t<div class=\"elementor-column elementor-col-100 elementor-top-column elementor-element elementor-element-45ee38a\" data-id=\"45ee38a\" data-element_type=\"column\">\n\t\t\t<div class=\"elementor-widget-wrap elementor-element-populated\">\n\t\t\t\t\t\t\t\t<div class=\"elementor-element elementor-element-898f24b elementor-widget elementor-widget-image\" data-id=\"898f24b\" data-element_type=\"widget\" data-widget_type=\"image.default\">\n\t\t\t\t<div class=\"elementor-widget-container\">\n\t\t\t<style>\/*! elementor - v3.5.4 - 23-01-2022 *\/\n.elementor-widget-image{text-align:center}.elementor-widget-image a{display:inline-block}.elementor-widget-image a img[src$=\".svg\"]{width:48px}.elementor-widget-image img{vertical-align:middle;display:inline-block}<\/style>\t\t\t\t\t\t\t\t\t\t\t\t<img width=\"766\" height=\"1024\" src=\"https:\/\/jolan.com.pl\/wp-content\/uploads\/2022\/01\/wzor-zamowienia-766x1024.jpg\" class=\"attachment-large size-large\" alt=\"\" loading=\"lazy\" srcset=\"https:\/\/jolan.com.pl\/wp-content\/uploads\/2022\/01\/wzor-zamowienia-766x1024.jpg 766w, https:\/\/jolan.com.pl\/wp-content\/uploads\/2022\/01\/wzor-zamowienia-224x300.jpg 224w, https:\/\/jolan.com.pl\/wp-content\/uploads\/2022\/01\/wzor-zamowienia-768x1026.jpg 768w, https:\/\/jolan.com.pl\/wp-content\/uploads\/2022\/01\/wzor-zamowienia-1149x1536.jpg 1149w, https:\/\/jolan.com.pl\/wp-content\/uploads\/2022\/01\/wzor-zamowienia-1533x2048.jpg 1533w, https:\/\/jolan.com.pl\/wp-content\/uploads\/2022\/01\/wzor-zamowienia-scaled.jpg 1916w\" sizes=\"(max-width: 766px) 100vw, 766px\" \/>\t\t\t\t\t\t\t\t\t\t\t\t\t\t\t<\/div>\n\t\t\t\t<\/div>\n\t\t\t\t\t<\/div>\n\t\t<\/div>\n\t\t\t\t\t\t\t<\/div>\n\t\t<\/section>\n\t\t\t\t\t\t<\/div>\n\t\t\t\t\t<\/div>\n\t\t","protected":false},"excerpt":{"rendered":"<p>Wz\u00f3r zam\u00f3wienia Plisy i pasy zamawiane s\u0105 wed\u0142ug raportu, kt\u00f3ry nale\u017cy okre\u015bli\u0107 w podobny spos\u00f3b jak na rysunku poni\u017cej, z opisaniem kolor\u00f3w.\u00a0Zam\u00f3wienia przyjmujemy dla metra\u017cu w kg, a dla pas\u00f3w i plis w ilo\u015bci sztuk. Pasy i plisy maj\u0105 szeroko\u015b\u0107 od 0,9 do 1,5 m w zale\u017cno\u015bci od tego jakiej s\u0105 grubo\u015bci i z jakiej [&hellip;]<\/p>\n","protected":false},"author":1,"featured_media":0,"parent":0,"menu_order":0,"comment_status":"closed","ping_status":"closed","template":"elementor_header_footer","meta":[],"_links":{"self":[{"href":"https:\/\/jolan.com.pl\/index.php\/wp-json\/wp\/v2\/pages\/1084"}],"collection":[{"href":"https:\/\/jolan.com.pl\/index.php\/wp-json\/wp\/v2\/pages"}],"about":[{"href":"https:\/\/jolan.com.pl\/index.php\/wp-json\/wp\/v2\/types\/page"}],"author":[{"embeddable":true,"href":"https:\/\/jolan.com.pl\/index.php\/wp-json\/wp\/v2\/users\/1"}],"replies":[{"embeddable":true,"href":"https:\/\/jolan.com.pl\/index.php\/wp-json\/wp\/v2\/comments?post=1084"}],"version-history":[{"count":19,"href":"https:\/\/jolan.com.pl\/index.php\/wp-json\/wp\/v2\/pages\/1084\/revisions"}],"predecessor-version":[{"id":1395,"href":"https:\/\/jolan.com.pl\/index.php\/wp-json\/wp\/v2\/pages\/1084\/revisions\/1395"}],"wp:attachment":[{"href":"https:\/\/jolan.com.pl\/index.php\/wp-json\/wp\/v2\/media?parent=1084"}],"curies":[{"name":"wp","href":"https:\/\/api.w.org\/{rel}","templated":true}]}}