{"id":1078,"date":"2022-01-26T12:27:55","date_gmt":"2022-01-26T12:27:55","guid":{"rendered":"http:\/\/jolan.com.pl\/strona\/?page_id=1078"},"modified":"2022-02-07T09:40:11","modified_gmt":"2022-02-07T09:40:11","slug":"pasy-z-przegieciem","status":"publish","type":"page","link":"https:\/\/jolan.com.pl\/index.php\/pasy-z-przegieciem\/","title":{"rendered":"Pasy z przegi\u0119ciem"},"content":{"rendered":"\t\t<div data-elementor-type=\"wp-page\" data-elementor-id=\"1078\" class=\"elementor elementor-1078\" data-elementor-settings=\"[]\">\n\t\t\t\t\t\t\t<div class=\"elementor-section-wrap\">\n\t\t\t\t\t\t\t<section class=\"elementor-section elementor-top-section elementor-element elementor-element-982a57d elementor-section-boxed elementor-section-height-default elementor-section-height-default\" data-id=\"982a57d\" data-element_type=\"section\">\n\t\t\t\t\t\t<div class=\"elementor-container elementor-column-gap-default\">\n\t\t\t\t\t<div class=\"elementor-column elementor-col-100 elementor-top-column elementor-element elementor-element-6d8a960\" data-id=\"6d8a960\" data-element_type=\"column\">\n\t\t\t<div class=\"elementor-widget-wrap elementor-element-populated\">\n\t\t\t\t\t\t\t\t<div class=\"elementor-element elementor-element-e86e905 elementor-widget elementor-widget-heading\" data-id=\"e86e905\" data-element_type=\"widget\" data-widget_type=\"heading.default\">\n\t\t\t\t<div class=\"elementor-widget-container\">\n\t\t\t<style>\/*! elementor - v3.5.4 - 23-01-2022 *\/\n.elementor-heading-title{padding:0;margin:0;line-height:1}.elementor-widget-heading .elementor-heading-title[class*=elementor-size-]>a{color:inherit;font-size:inherit;line-height:inherit}.elementor-widget-heading .elementor-heading-title.elementor-size-small{font-size:15px}.elementor-widget-heading .elementor-heading-title.elementor-size-medium{font-size:19px}.elementor-widget-heading .elementor-heading-title.elementor-size-large{font-size:29px}.elementor-widget-heading .elementor-heading-title.elementor-size-xl{font-size:39px}.elementor-widget-heading .elementor-heading-title.elementor-size-xxl{font-size:59px}<\/style><h2 class=\"elementor-heading-title elementor-size-default\">Pasy z przegi\u0119ciem<\/h2>\t\t<\/div>\n\t\t\t\t<\/div>\n\t\t\t\t<div class=\"elementor-element elementor-element-951c766 elementor-widget elementor-widget-text-editor\" data-id=\"951c766\" data-element_type=\"widget\" data-widget_type=\"text-editor.default\">\n\t\t\t\t<div class=\"elementor-widget-container\">\n\t\t\t<style>\/*! elementor - v3.5.4 - 23-01-2022 *\/\n.elementor-widget-text-editor.elementor-drop-cap-view-stacked .elementor-drop-cap{background-color:#818a91;color:#fff}.elementor-widget-text-editor.elementor-drop-cap-view-framed .elementor-drop-cap{color:#818a91;border:3px solid;background-color:transparent}.elementor-widget-text-editor:not(.elementor-drop-cap-view-default) .elementor-drop-cap{margin-top:8px}.elementor-widget-text-editor:not(.elementor-drop-cap-view-default) .elementor-drop-cap-letter{width:1em;height:1em}.elementor-widget-text-editor .elementor-drop-cap{float:left;text-align:center;line-height:1;font-size:50px}.elementor-widget-text-editor .elementor-drop-cap-letter{display:inline-block}<\/style>\t\t\t\t<p>Pasy z przegi\u0119ciem mog\u0105 by\u0107 r\u00f3\u017cnych szeroko\u015bci, wysoko\u015bci i o r\u00f3\u017cnych raportach.<br \/>Sprzedawane s\u0105 na sztuki.<\/p>\t\t\t\t\t\t<\/div>\n\t\t\t\t<\/div>\n\t\t\t\t\t<\/div>\n\t\t<\/div>\n\t\t\t\t\t\t\t<\/div>\n\t\t<\/section>\n\t\t\t\t<section class=\"elementor-section elementor-top-section elementor-element elementor-element-abf605e elementor-section-boxed elementor-section-height-default elementor-section-height-default\" data-id=\"abf605e\" data-element_type=\"section\">\n\t\t\t\t\t\t<div class=\"elementor-container elementor-column-gap-default\">\n\t\t\t\t\t<div class=\"elementor-column elementor-col-100 elementor-top-column elementor-element elementor-element-706a767\" data-id=\"706a767\" data-element_type=\"column\">\n\t\t\t<div class=\"elementor-widget-wrap elementor-element-populated\">\n\t\t\t\t\t\t\t\t<div class=\"elementor-element elementor-element-cf86422 elementor-widget elementor-widget-image-gallery\" data-id=\"cf86422\" data-element_type=\"widget\" data-widget_type=\"image-gallery.default\">\n\t\t\t\t<div class=\"elementor-widget-container\">\n\t\t\t<style>\/*! elementor - v3.5.4 - 23-01-2022 *\/\n.elementor-image-gallery .gallery-item{display:inline-block;text-align:center;vertical-align:top;width:100%;max-width:100%;margin:0 auto}.elementor-image-gallery .gallery-item img{margin:0 auto}.elementor-image-gallery .gallery-item .gallery-caption{margin:0}.elementor-image-gallery figure img{display:block}.elementor-image-gallery figure figcaption{width:100%}.gallery-spacing-custom .elementor-image-gallery .gallery-icon{padding:0}@media (min-width:768px){.elementor-image-gallery .gallery-columns-2 .gallery-item{max-width:50%}.elementor-image-gallery .gallery-columns-3 .gallery-item{max-width:33.33%}.elementor-image-gallery .gallery-columns-4 .gallery-item{max-width:25%}.elementor-image-gallery .gallery-columns-5 .gallery-item{max-width:20%}.elementor-image-gallery .gallery-columns-6 .gallery-item{max-width:16.666%}.elementor-image-gallery .gallery-columns-7 .gallery-item{max-width:14.28%}.elementor-image-gallery .gallery-columns-8 .gallery-item{max-width:12.5%}.elementor-image-gallery .gallery-columns-9 .gallery-item{max-width:11.11%}.elementor-image-gallery .gallery-columns-10 .gallery-item{max-width:10%}}@media (min-width:480px) and (max-width:767px){.elementor-image-gallery .gallery.gallery-columns-2 .gallery-item,.elementor-image-gallery .gallery.gallery-columns-3 .gallery-item,.elementor-image-gallery .gallery.gallery-columns-4 .gallery-item,.elementor-image-gallery .gallery.gallery-columns-5 .gallery-item,.elementor-image-gallery .gallery.gallery-columns-6 .gallery-item,.elementor-image-gallery .gallery.gallery-columns-7 .gallery-item,.elementor-image-gallery .gallery.gallery-columns-8 .gallery-item,.elementor-image-gallery .gallery.gallery-columns-9 .gallery-item,.elementor-image-gallery .gallery.gallery-columns-10 .gallery-item{max-width:50%}}@media (max-width:479px){.elementor-image-gallery .gallery.gallery-columns-2 .gallery-item,.elementor-image-gallery .gallery.gallery-columns-3 .gallery-item,.elementor-image-gallery .gallery.gallery-columns-4 .gallery-item,.elementor-image-gallery .gallery.gallery-columns-5 .gallery-item,.elementor-image-gallery .gallery.gallery-columns-6 .gallery-item,.elementor-image-gallery .gallery.gallery-columns-7 .gallery-item,.elementor-image-gallery .gallery.gallery-columns-8 .gallery-item,.elementor-image-gallery .gallery.gallery-columns-9 .gallery-item,.elementor-image-gallery .gallery.gallery-columns-10 .gallery-item{max-width:100%}}<\/style>\t\t<div class=\"elementor-image-gallery\">\n\t\t\t<div id='gallery-1' class='gallery galleryid-1078 gallery-columns-3 gallery-size-large'><figure class='gallery-item'>\n\t\t\t<div class='gallery-icon landscape'>\n\t\t\t\t<a data-elementor-open-lightbox=\"yes\" data-elementor-lightbox-slideshow=\"cf86422\" data-elementor-lightbox-title=\"1\" href='https:\/\/jolan.com.pl\/wp-content\/uploads\/2022\/01\/20211213_131308-scaled.jpg'><img width=\"812\" height=\"609\" src=\"https:\/\/jolan.com.pl\/wp-content\/uploads\/2022\/01\/20211213_131308-1024x768.jpg\" class=\"attachment-large size-large\" alt=\"\" loading=\"lazy\" aria-describedby=\"gallery-1-1233\" srcset=\"https:\/\/jolan.com.pl\/wp-content\/uploads\/2022\/01\/20211213_131308-1024x768.jpg 1024w, https:\/\/jolan.com.pl\/wp-content\/uploads\/2022\/01\/20211213_131308-300x225.jpg 300w, https:\/\/jolan.com.pl\/wp-content\/uploads\/2022\/01\/20211213_131308-768x576.jpg 768w, https:\/\/jolan.com.pl\/wp-content\/uploads\/2022\/01\/20211213_131308-1536x1152.jpg 1536w, https:\/\/jolan.com.pl\/wp-content\/uploads\/2022\/01\/20211213_131308-2048x1536.jpg 2048w\" sizes=\"(max-width: 812px) 100vw, 812px\" \/><\/a>\n\t\t\t<\/div>\n\t\t\t\t<figcaption class='wp-caption-text gallery-caption' id='gallery-1-1233'>\n\t\t\t\t1\n\t\t\t\t<\/figcaption><\/figure><figure class='gallery-item'>\n\t\t\t<div class='gallery-icon landscape'>\n\t\t\t\t<a data-elementor-open-lightbox=\"yes\" data-elementor-lightbox-slideshow=\"cf86422\" data-elementor-lightbox-title=\"2\" href='https:\/\/jolan.com.pl\/wp-content\/uploads\/2022\/01\/20220117_124100-scaled.jpg'><img width=\"812\" height=\"609\" src=\"https:\/\/jolan.com.pl\/wp-content\/uploads\/2022\/01\/20220117_124100-1024x768.jpg\" class=\"attachment-large size-large\" alt=\"\" loading=\"lazy\" aria-describedby=\"gallery-1-1234\" srcset=\"https:\/\/jolan.com.pl\/wp-content\/uploads\/2022\/01\/20220117_124100-1024x768.jpg 1024w, https:\/\/jolan.com.pl\/wp-content\/uploads\/2022\/01\/20220117_124100-300x225.jpg 300w, https:\/\/jolan.com.pl\/wp-content\/uploads\/2022\/01\/20220117_124100-768x576.jpg 768w, https:\/\/jolan.com.pl\/wp-content\/uploads\/2022\/01\/20220117_124100-1536x1152.jpg 1536w, https:\/\/jolan.com.pl\/wp-content\/uploads\/2022\/01\/20220117_124100-2048x1536.jpg 2048w\" sizes=\"(max-width: 812px) 100vw, 812px\" \/><\/a>\n\t\t\t<\/div>\n\t\t\t\t<figcaption class='wp-caption-text gallery-caption' id='gallery-1-1234'>\n\t\t\t\t2\n\t\t\t\t<\/figcaption><\/figure><figure class='gallery-item'>\n\t\t\t<div class='gallery-icon landscape'>\n\t\t\t\t<a data-elementor-open-lightbox=\"yes\" data-elementor-lightbox-slideshow=\"cf86422\" data-elementor-lightbox-title=\"3\" href='https:\/\/jolan.com.pl\/wp-content\/uploads\/2022\/01\/20220117_130056-scaled.jpg'><img width=\"812\" height=\"609\" src=\"https:\/\/jolan.com.pl\/wp-content\/uploads\/2022\/01\/20220117_130056-1024x768.jpg\" class=\"attachment-large size-large\" alt=\"\" loading=\"lazy\" aria-describedby=\"gallery-1-1236\" srcset=\"https:\/\/jolan.com.pl\/wp-content\/uploads\/2022\/01\/20220117_130056-1024x768.jpg 1024w, https:\/\/jolan.com.pl\/wp-content\/uploads\/2022\/01\/20220117_130056-300x225.jpg 300w, https:\/\/jolan.com.pl\/wp-content\/uploads\/2022\/01\/20220117_130056-768x576.jpg 768w, https:\/\/jolan.com.pl\/wp-content\/uploads\/2022\/01\/20220117_130056-1536x1152.jpg 1536w, https:\/\/jolan.com.pl\/wp-content\/uploads\/2022\/01\/20220117_130056-2048x1536.jpg 2048w\" sizes=\"(max-width: 812px) 100vw, 812px\" \/><\/a>\n\t\t\t<\/div>\n\t\t\t\t<figcaption class='wp-caption-text gallery-caption' id='gallery-1-1236'>\n\t\t\t\t3\n\t\t\t\t<\/figcaption><\/figure><figure class='gallery-item'>\n\t\t\t<div class='gallery-icon landscape'>\n\t\t\t\t<a data-elementor-open-lightbox=\"yes\" data-elementor-lightbox-slideshow=\"cf86422\" data-elementor-lightbox-title=\"4\" href='https:\/\/jolan.com.pl\/wp-content\/uploads\/2022\/01\/20220117_130341-1-scaled.jpg'><img width=\"812\" height=\"609\" src=\"https:\/\/jolan.com.pl\/wp-content\/uploads\/2022\/01\/20220117_130341-1-1024x768.jpg\" class=\"attachment-large size-large\" alt=\"\" loading=\"lazy\" aria-describedby=\"gallery-1-1237\" srcset=\"https:\/\/jolan.com.pl\/wp-content\/uploads\/2022\/01\/20220117_130341-1-1024x768.jpg 1024w, https:\/\/jolan.com.pl\/wp-content\/uploads\/2022\/01\/20220117_130341-1-300x225.jpg 300w, https:\/\/jolan.com.pl\/wp-content\/uploads\/2022\/01\/20220117_130341-1-768x576.jpg 768w, https:\/\/jolan.com.pl\/wp-content\/uploads\/2022\/01\/20220117_130341-1-1536x1152.jpg 1536w, https:\/\/jolan.com.pl\/wp-content\/uploads\/2022\/01\/20220117_130341-1-2048x1536.jpg 2048w\" sizes=\"(max-width: 812px) 100vw, 812px\" \/><\/a>\n\t\t\t<\/div>\n\t\t\t\t<figcaption class='wp-caption-text gallery-caption' id='gallery-1-1237'>\n\t\t\t\t4\n\t\t\t\t<\/figcaption><\/figure><figure class='gallery-item'>\n\t\t\t<div class='gallery-icon landscape'>\n\t\t\t\t<a data-elementor-open-lightbox=\"yes\" data-elementor-lightbox-slideshow=\"cf86422\" data-elementor-lightbox-title=\"5\" href='https:\/\/jolan.com.pl\/wp-content\/uploads\/2022\/01\/20220117_130619-scaled.jpg'><img width=\"812\" height=\"609\" src=\"https:\/\/jolan.com.pl\/wp-content\/uploads\/2022\/01\/20220117_130619-1024x768.jpg\" class=\"attachment-large size-large\" alt=\"\" loading=\"lazy\" aria-describedby=\"gallery-1-1238\" srcset=\"https:\/\/jolan.com.pl\/wp-content\/uploads\/2022\/01\/20220117_130619-1024x768.jpg 1024w, https:\/\/jolan.com.pl\/wp-content\/uploads\/2022\/01\/20220117_130619-300x225.jpg 300w, https:\/\/jolan.com.pl\/wp-content\/uploads\/2022\/01\/20220117_130619-768x576.jpg 768w, https:\/\/jolan.com.pl\/wp-content\/uploads\/2022\/01\/20220117_130619-1536x1152.jpg 1536w, https:\/\/jolan.com.pl\/wp-content\/uploads\/2022\/01\/20220117_130619-2048x1536.jpg 2048w\" sizes=\"(max-width: 812px) 100vw, 812px\" \/><\/a>\n\t\t\t<\/div>\n\t\t\t\t<figcaption class='wp-caption-text gallery-caption' id='gallery-1-1238'>\n\t\t\t\t5\n\t\t\t\t<\/figcaption><\/figure><figure class='gallery-item'>\n\t\t\t<div class='gallery-icon landscape'>\n\t\t\t\t<a data-elementor-open-lightbox=\"yes\" data-elementor-lightbox-slideshow=\"cf86422\" data-elementor-lightbox-title=\"6\" href='https:\/\/jolan.com.pl\/wp-content\/uploads\/2022\/01\/20220117_131527-scaled.jpg'><img width=\"812\" height=\"609\" src=\"https:\/\/jolan.com.pl\/wp-content\/uploads\/2022\/01\/20220117_131527-1024x768.jpg\" class=\"attachment-large size-large\" alt=\"\" loading=\"lazy\" aria-describedby=\"gallery-1-1239\" srcset=\"https:\/\/jolan.com.pl\/wp-content\/uploads\/2022\/01\/20220117_131527-1024x768.jpg 1024w, https:\/\/jolan.com.pl\/wp-content\/uploads\/2022\/01\/20220117_131527-300x225.jpg 300w, https:\/\/jolan.com.pl\/wp-content\/uploads\/2022\/01\/20220117_131527-768x576.jpg 768w, https:\/\/jolan.com.pl\/wp-content\/uploads\/2022\/01\/20220117_131527-1536x1152.jpg 1536w, https:\/\/jolan.com.pl\/wp-content\/uploads\/2022\/01\/20220117_131527-2048x1536.jpg 2048w\" sizes=\"(max-width: 812px) 100vw, 812px\" \/><\/a>\n\t\t\t<\/div>\n\t\t\t\t<figcaption class='wp-caption-text gallery-caption' id='gallery-1-1239'>\n\t\t\t\t6\n\t\t\t\t<\/figcaption><\/figure><figure class='gallery-item'>\n\t\t\t<div class='gallery-icon landscape'>\n\t\t\t\t<a data-elementor-open-lightbox=\"yes\" data-elementor-lightbox-slideshow=\"cf86422\" data-elementor-lightbox-title=\"7\" href='https:\/\/jolan.com.pl\/wp-content\/uploads\/2022\/01\/20220117_134140-scaled.jpg'><img width=\"812\" height=\"609\" src=\"https:\/\/jolan.com.pl\/wp-content\/uploads\/2022\/01\/20220117_134140-1024x768.jpg\" class=\"attachment-large size-large\" alt=\"\" loading=\"lazy\" aria-describedby=\"gallery-1-1240\" srcset=\"https:\/\/jolan.com.pl\/wp-content\/uploads\/2022\/01\/20220117_134140-1024x768.jpg 1024w, https:\/\/jolan.com.pl\/wp-content\/uploads\/2022\/01\/20220117_134140-300x225.jpg 300w, https:\/\/jolan.com.pl\/wp-content\/uploads\/2022\/01\/20220117_134140-768x576.jpg 768w, https:\/\/jolan.com.pl\/wp-content\/uploads\/2022\/01\/20220117_134140-1536x1152.jpg 1536w, https:\/\/jolan.com.pl\/wp-content\/uploads\/2022\/01\/20220117_134140-2048x1536.jpg 2048w\" sizes=\"(max-width: 812px) 100vw, 812px\" \/><\/a>\n\t\t\t<\/div>\n\t\t\t\t<figcaption class='wp-caption-text gallery-caption' id='gallery-1-1240'>\n\t\t\t\t7\n\t\t\t\t<\/figcaption><\/figure><figure class='gallery-item'>\n\t\t\t<div class='gallery-icon landscape'>\n\t\t\t\t<a data-elementor-open-lightbox=\"yes\" data-elementor-lightbox-slideshow=\"cf86422\" data-elementor-lightbox-title=\"8\" href='https:\/\/jolan.com.pl\/wp-content\/uploads\/2022\/01\/20220117_141513-scaled.jpg'><img width=\"812\" height=\"609\" src=\"https:\/\/jolan.com.pl\/wp-content\/uploads\/2022\/01\/20220117_141513-1024x768.jpg\" class=\"attachment-large size-large\" alt=\"\" loading=\"lazy\" aria-describedby=\"gallery-1-1241\" srcset=\"https:\/\/jolan.com.pl\/wp-content\/uploads\/2022\/01\/20220117_141513-1024x768.jpg 1024w, https:\/\/jolan.com.pl\/wp-content\/uploads\/2022\/01\/20220117_141513-300x225.jpg 300w, https:\/\/jolan.com.pl\/wp-content\/uploads\/2022\/01\/20220117_141513-768x576.jpg 768w, https:\/\/jolan.com.pl\/wp-content\/uploads\/2022\/01\/20220117_141513-1536x1152.jpg 1536w, https:\/\/jolan.com.pl\/wp-content\/uploads\/2022\/01\/20220117_141513-2048x1536.jpg 2048w\" sizes=\"(max-width: 812px) 100vw, 812px\" \/><\/a>\n\t\t\t<\/div>\n\t\t\t\t<figcaption class='wp-caption-text gallery-caption' id='gallery-1-1241'>\n\t\t\t\t8\n\t\t\t\t<\/figcaption><\/figure><figure class='gallery-item'>\n\t\t\t<div class='gallery-icon landscape'>\n\t\t\t\t<a data-elementor-open-lightbox=\"yes\" data-elementor-lightbox-slideshow=\"cf86422\" data-elementor-lightbox-title=\"9\" href='https:\/\/jolan.com.pl\/wp-content\/uploads\/2022\/01\/20220117_203626-1-scaled.jpg'><img width=\"812\" height=\"647\" src=\"https:\/\/jolan.com.pl\/wp-content\/uploads\/2022\/01\/20220117_203626-1-1024x816.jpg\" class=\"attachment-large size-large\" alt=\"\" loading=\"lazy\" aria-describedby=\"gallery-1-1242\" srcset=\"https:\/\/jolan.com.pl\/wp-content\/uploads\/2022\/01\/20220117_203626-1-1024x816.jpg 1024w, https:\/\/jolan.com.pl\/wp-content\/uploads\/2022\/01\/20220117_203626-1-300x239.jpg 300w, https:\/\/jolan.com.pl\/wp-content\/uploads\/2022\/01\/20220117_203626-1-768x612.jpg 768w, https:\/\/jolan.com.pl\/wp-content\/uploads\/2022\/01\/20220117_203626-1-1536x1224.jpg 1536w, https:\/\/jolan.com.pl\/wp-content\/uploads\/2022\/01\/20220117_203626-1-2048x1632.jpg 2048w\" sizes=\"(max-width: 812px) 100vw, 812px\" \/><\/a>\n\t\t\t<\/div>\n\t\t\t\t<figcaption class='wp-caption-text gallery-caption' id='gallery-1-1242'>\n\t\t\t\t9\n\t\t\t\t<\/figcaption><\/figure><figure class='gallery-item'>\n\t\t\t<div class='gallery-icon landscape'>\n\t\t\t\t<a data-elementor-open-lightbox=\"yes\" data-elementor-lightbox-slideshow=\"cf86422\" data-elementor-lightbox-title=\"10\" href='https:\/\/jolan.com.pl\/wp-content\/uploads\/2022\/01\/20220118_104228-1-scaled.jpg'><img width=\"812\" height=\"609\" src=\"https:\/\/jolan.com.pl\/wp-content\/uploads\/2022\/01\/20220118_104228-1-1024x768.jpg\" class=\"attachment-large size-large\" alt=\"\" loading=\"lazy\" aria-describedby=\"gallery-1-1243\" srcset=\"https:\/\/jolan.com.pl\/wp-content\/uploads\/2022\/01\/20220118_104228-1-1024x768.jpg 1024w, https:\/\/jolan.com.pl\/wp-content\/uploads\/2022\/01\/20220118_104228-1-300x225.jpg 300w, https:\/\/jolan.com.pl\/wp-content\/uploads\/2022\/01\/20220118_104228-1-768x576.jpg 768w, https:\/\/jolan.com.pl\/wp-content\/uploads\/2022\/01\/20220118_104228-1-1536x1152.jpg 1536w, https:\/\/jolan.com.pl\/wp-content\/uploads\/2022\/01\/20220118_104228-1-2048x1536.jpg 2048w\" sizes=\"(max-width: 812px) 100vw, 812px\" \/><\/a>\n\t\t\t<\/div>\n\t\t\t\t<figcaption class='wp-caption-text gallery-caption' id='gallery-1-1243'>\n\t\t\t\t10\n\t\t\t\t<\/figcaption><\/figure><figure class='gallery-item'>\n\t\t\t<div class='gallery-icon landscape'>\n\t\t\t\t<a data-elementor-open-lightbox=\"yes\" data-elementor-lightbox-slideshow=\"cf86422\" data-elementor-lightbox-title=\"11\" href='https:\/\/jolan.com.pl\/wp-content\/uploads\/2022\/01\/20220118_104325-1-scaled.jpg'><img width=\"812\" height=\"609\" src=\"https:\/\/jolan.com.pl\/wp-content\/uploads\/2022\/01\/20220118_104325-1-1024x768.jpg\" class=\"attachment-large size-large\" alt=\"\" loading=\"lazy\" aria-describedby=\"gallery-1-1244\" srcset=\"https:\/\/jolan.com.pl\/wp-content\/uploads\/2022\/01\/20220118_104325-1-1024x768.jpg 1024w, https:\/\/jolan.com.pl\/wp-content\/uploads\/2022\/01\/20220118_104325-1-300x225.jpg 300w, https:\/\/jolan.com.pl\/wp-content\/uploads\/2022\/01\/20220118_104325-1-768x576.jpg 768w, https:\/\/jolan.com.pl\/wp-content\/uploads\/2022\/01\/20220118_104325-1-1536x1152.jpg 1536w, https:\/\/jolan.com.pl\/wp-content\/uploads\/2022\/01\/20220118_104325-1-2048x1536.jpg 2048w\" sizes=\"(max-width: 812px) 100vw, 812px\" \/><\/a>\n\t\t\t<\/div>\n\t\t\t\t<figcaption class='wp-caption-text gallery-caption' id='gallery-1-1244'>\n\t\t\t\t11\n\t\t\t\t<\/figcaption><\/figure><figure class='gallery-item'>\n\t\t\t<div class='gallery-icon landscape'>\n\t\t\t\t<a data-elementor-open-lightbox=\"yes\" data-elementor-lightbox-slideshow=\"cf86422\" data-elementor-lightbox-title=\"12\" href='https:\/\/jolan.com.pl\/wp-content\/uploads\/2022\/01\/20220118_201130-scaled.jpg'><img width=\"812\" height=\"611\" src=\"https:\/\/jolan.com.pl\/wp-content\/uploads\/2022\/01\/20220118_201130-1024x770.jpg\" class=\"attachment-large size-large\" alt=\"\" loading=\"lazy\" aria-describedby=\"gallery-1-1245\" srcset=\"https:\/\/jolan.com.pl\/wp-content\/uploads\/2022\/01\/20220118_201130-1024x770.jpg 1024w, https:\/\/jolan.com.pl\/wp-content\/uploads\/2022\/01\/20220118_201130-300x226.jpg 300w, https:\/\/jolan.com.pl\/wp-content\/uploads\/2022\/01\/20220118_201130-768x578.jpg 768w, https:\/\/jolan.com.pl\/wp-content\/uploads\/2022\/01\/20220118_201130-1536x1156.jpg 1536w, https:\/\/jolan.com.pl\/wp-content\/uploads\/2022\/01\/20220118_201130-2048x1541.jpg 2048w\" sizes=\"(max-width: 812px) 100vw, 812px\" \/><\/a>\n\t\t\t<\/div>\n\t\t\t\t<figcaption class='wp-caption-text gallery-caption' id='gallery-1-1245'>\n\t\t\t\t12\n\t\t\t\t<\/figcaption><\/figure><figure class='gallery-item'>\n\t\t\t<div class='gallery-icon landscape'>\n\t\t\t\t<a data-elementor-open-lightbox=\"yes\" data-elementor-lightbox-slideshow=\"cf86422\" data-elementor-lightbox-title=\"13\" href='https:\/\/jolan.com.pl\/wp-content\/uploads\/2022\/01\/20220118_201628-scaled.jpg'><img width=\"812\" height=\"609\" src=\"https:\/\/jolan.com.pl\/wp-content\/uploads\/2022\/01\/20220118_201628-1024x768.jpg\" class=\"attachment-large size-large\" alt=\"\" loading=\"lazy\" aria-describedby=\"gallery-1-1246\" srcset=\"https:\/\/jolan.com.pl\/wp-content\/uploads\/2022\/01\/20220118_201628-1024x768.jpg 1024w, https:\/\/jolan.com.pl\/wp-content\/uploads\/2022\/01\/20220118_201628-300x225.jpg 300w, https:\/\/jolan.com.pl\/wp-content\/uploads\/2022\/01\/20220118_201628-768x576.jpg 768w, https:\/\/jolan.com.pl\/wp-content\/uploads\/2022\/01\/20220118_201628-1536x1152.jpg 1536w, https:\/\/jolan.com.pl\/wp-content\/uploads\/2022\/01\/20220118_201628-2048x1536.jpg 2048w\" sizes=\"(max-width: 812px) 100vw, 812px\" \/><\/a>\n\t\t\t<\/div>\n\t\t\t\t<figcaption class='wp-caption-text gallery-caption' id='gallery-1-1246'>\n\t\t\t\t13\n\t\t\t\t<\/figcaption><\/figure><figure class='gallery-item'>\n\t\t\t<div class='gallery-icon landscape'>\n\t\t\t\t<a data-elementor-open-lightbox=\"yes\" data-elementor-lightbox-slideshow=\"cf86422\" data-elementor-lightbox-title=\"14\" href='https:\/\/jolan.com.pl\/wp-content\/uploads\/2022\/01\/Kom.Jola-366.jpg'><img width=\"812\" height=\"457\" src=\"https:\/\/jolan.com.pl\/wp-content\/uploads\/2022\/01\/Kom.Jola-366-1024x576.jpg\" class=\"attachment-large size-large\" alt=\"\" loading=\"lazy\" aria-describedby=\"gallery-1-1248\" srcset=\"https:\/\/jolan.com.pl\/wp-content\/uploads\/2022\/01\/Kom.Jola-366-1024x576.jpg 1024w, https:\/\/jolan.com.pl\/wp-content\/uploads\/2022\/01\/Kom.Jola-366-300x169.jpg 300w, https:\/\/jolan.com.pl\/wp-content\/uploads\/2022\/01\/Kom.Jola-366-768x432.jpg 768w, https:\/\/jolan.com.pl\/wp-content\/uploads\/2022\/01\/Kom.Jola-366-1536x864.jpg 1536w, https:\/\/jolan.com.pl\/wp-content\/uploads\/2022\/01\/Kom.Jola-366.jpg 1600w\" sizes=\"(max-width: 812px) 100vw, 812px\" \/><\/a>\n\t\t\t<\/div>\n\t\t\t\t<figcaption class='wp-caption-text gallery-caption' id='gallery-1-1248'>\n\t\t\t\t14\n\t\t\t\t<\/figcaption><\/figure><figure class='gallery-item'>\n\t\t\t<div class='gallery-icon landscape'>\n\t\t\t\t<a data-elementor-open-lightbox=\"yes\" data-elementor-lightbox-slideshow=\"cf86422\" data-elementor-lightbox-title=\"15\" href='https:\/\/jolan.com.pl\/wp-content\/uploads\/2022\/01\/20151117_133141-rotated.jpg'><img width=\"812\" height=\"457\" src=\"https:\/\/jolan.com.pl\/wp-content\/uploads\/2022\/01\/20151117_133141-1024x576.jpg\" class=\"attachment-large size-large\" alt=\"\" loading=\"lazy\" aria-describedby=\"gallery-1-1232\" srcset=\"https:\/\/jolan.com.pl\/wp-content\/uploads\/2022\/01\/20151117_133141-1024x576.jpg 1024w, https:\/\/jolan.com.pl\/wp-content\/uploads\/2022\/01\/20151117_133141-300x169.jpg 300w, https:\/\/jolan.com.pl\/wp-content\/uploads\/2022\/01\/20151117_133141-768x432.jpg 768w, https:\/\/jolan.com.pl\/wp-content\/uploads\/2022\/01\/20151117_133141-1536x864.jpg 1536w, https:\/\/jolan.com.pl\/wp-content\/uploads\/2022\/01\/20151117_133141-2048x1152.jpg 2048w\" sizes=\"(max-width: 812px) 100vw, 812px\" \/><\/a>\n\t\t\t<\/div>\n\t\t\t\t<figcaption class='wp-caption-text gallery-caption' id='gallery-1-1232'>\n\t\t\t\t15\n\t\t\t\t<\/figcaption><\/figure>\n\t\t<\/div>\n\t\t<\/div>\n\t\t\t\t<\/div>\n\t\t\t\t<\/div>\n\t\t\t\t\t<\/div>\n\t\t<\/div>\n\t\t\t\t\t\t\t<\/div>\n\t\t<\/section>\n\t\t\t\t\t\t<\/div>\n\t\t\t\t\t<\/div>\n\t\t","protected":false},"excerpt":{"rendered":"<p>Pasy z przegi\u0119ciem Pasy z przegi\u0119ciem mog\u0105 by\u0107 r\u00f3\u017cnych szeroko\u015bci, wysoko\u015bci i o r\u00f3\u017cnych raportach.Sprzedawane s\u0105 na sztuki. 1 2 3 4 5 6 7 8 9 10 11 12 13 14 15<\/p>\n","protected":false},"author":1,"featured_media":0,"parent":0,"menu_order":0,"comment_status":"closed","ping_status":"closed","template":"elementor_header_footer","meta":[],"_links":{"self":[{"href":"https:\/\/jolan.com.pl\/index.php\/wp-json\/wp\/v2\/pages\/1078"}],"collection":[{"href":"https:\/\/jolan.com.pl\/index.php\/wp-json\/wp\/v2\/pages"}],"about":[{"href":"https:\/\/jolan.com.pl\/index.php\/wp-json\/wp\/v2\/types\/page"}],"author":[{"embeddable":true,"href":"https:\/\/jolan.com.pl\/index.php\/wp-json\/wp\/v2\/users\/1"}],"replies":[{"embeddable":true,"href":"https:\/\/jolan.com.pl\/index.php\/wp-json\/wp\/v2\/comments?post=1078"}],"version-history":[{"count":22,"href":"https:\/\/jolan.com.pl\/index.php\/wp-json\/wp\/v2\/pages\/1078\/revisions"}],"predecessor-version":[{"id":1470,"href":"https:\/\/jolan.com.pl\/index.php\/wp-json\/wp\/v2\/pages\/1078\/revisions\/1470"}],"wp:attachment":[{"href":"https:\/\/jolan.com.pl\/index.php\/wp-json\/wp\/v2\/media?parent=1078"}],"curies":[{"name":"wp","href":"https:\/\/api.w.org\/{rel}","templated":true}]}}